{"id":19,"date":"2014-07-01T23:18:25","date_gmt":"2014-07-01T23:18:25","guid":{"rendered":"http:\/\/psihoworkshop.wordpress.com\/?page_id=19"},"modified":"2026-04-25T04:28:59","modified_gmt":"2026-04-25T04:28:59","slug":"contact","status":"publish","type":"page","link":"https:\/\/www.vreausfat.ro\/?page_id=19","title":{"rendered":"Programeaz\u0103 o discu\u021bie"},"content":{"rendered":"<h2>\u2709\ufe0f Contact<\/h2>\n<p><strong>Pentru consiliere psihologic\u0103 individual\u0103<\/strong> sau psiho-educa\u021bie personalizat\u0103: Te rog s\u0103 men\u021bionezi dificultatea emo\u021bional\u0103, comportamental\u0103 sau rela\u021bional\u0103 care \u00ee\u021bi creaz\u0103 probleme.<\/p>\n<p>\ud83d\udce7 E-mail: <strong>vreausfat@gmail.com<\/strong><\/p>\n<p>\ud83d\udcf1 WhatsApp: <strong>0722 398 514<\/strong> \u23f1\ufe0f<\/p>\n<p>Vei primi un r\u0103spuns \u00een maximum 24 de ore.<\/p>\n<p><strong>Pentru \u00eenscrieri<\/strong> la grupuri de dezvoltare personal\u0103 sau cursuri de psiho-educa\u021bie (parenting, rela\u021bii, stres, ADHD, depresie, anxietate), at\u00e2t pentru persoane fizice c\u00e2t \u0219i pentru companii: \ud83d\udce7 Trimite un e-mail la <strong>vreausfat@gmail.com<\/strong><\/p>\n<p><strong>Loca\u021bie cabinet<\/strong>: Bucure\u0219ti, Sector 2 \u2013 zona Vatra Luminoas\u0103<\/p>\n<p>\ud83d\udda5\ufe0f \u0218edin\u021bele se pot desf\u0103\u0219ura \u0219i online: Zoom, WhatsApp, Google Meet.<\/p>\n<h3>\ud83c\udf3f Vrei lini\u0219te \u0219i direc\u021bie?\u00a0<\/h3>\n<p>Las\u0103-mi c\u00e2teva r\u00e2nduri. Revin rapid cu pa\u0219ii urm\u0103tori.<\/p>\n\n\n<p><\/p>\n","protected":false},"excerpt":{"rendered":"<p>\u2709\ufe0f Contact Pentru consiliere psihologic\u0103 individual\u0103 sau psiho-educa\u021bie personalizat\u0103: Te rog s\u0103 men\u021bionezi dificultatea emo\u021bional\u0103, comportamental\u0103 sau rela\u021bional\u0103 care \u00ee\u021bi creaz\u0103 probleme. \ud83d\udce7 E-mail: vreausfat@gmail.com \ud83d\udcf1 WhatsApp: 0722 398 514 \u23f1\ufe0f Vei primi un r\u0103spuns \u00een maximum 24 de ore. Pentru \u00eenscrieri la grupuri de dezvoltare personal\u0103 sau cursuri de psiho-educa\u021bie (parenting, rela\u021bii, stres, ADHD,&#8230;<\/p>\n","protected":false},"author":1,"featured_media":0,"parent":0,"menu_order":7,"comment_status":"open","ping_status":"closed","template":"","meta":{"_uag_custom_page_level_css":"","_kad_post_transparent":"","_kad_post_title":"","_kad_post_layout":"","_kad_post_sidebar_id":"","_kad_post_content_style":"","_kad_post_vertical_padding":"","_kad_post_feature":"","_kad_post_feature_position":"","_kad_post_header":false,"_kad_post_footer":false,"_kad_post_classname":"","footnotes":""},"class_list":["post-19","page","type-page","status-publish","hentry"],"uagb_featured_image_src":{"full":false,"thumbnail":false,"medium":false,"medium_large":false,"large":false,"1536x1536":false,"2048x2048":false},"uagb_author_info":{"display_name":"Anghel Cristina","author_link":"https:\/\/www.vreausfat.ro\/author\/admin"},"uagb_comment_info":224,"uagb_excerpt":"\u2709\ufe0f Contact Pentru consiliere psihologic\u0103 individual\u0103 sau psiho-educa\u021bie personalizat\u0103: Te rog s\u0103 men\u021bionezi dificultatea emo\u021bional\u0103, comportamental\u0103 sau rela\u021bional\u0103 care \u00ee\u021bi creaz\u0103 probleme. \ud83d\udce7 E-mail: vreausfat@gmail.com \ud83d\udcf1 WhatsApp: 0722 398 514 \u23f1\ufe0f Vei primi un r\u0103spuns \u00een maximum 24 de ore. Pentru \u00eenscrieri la grupuri de dezvoltare personal\u0103 sau cursuri de psiho-educa\u021bie (parenting, rela\u021bii, stres, ADHD,...","_links":{"self":[{"href":"https:\/\/www.vreausfat.ro\/index.php?rest_route=\/wp\/v2\/pages\/19","targetHints":{"allow":["GET"]}}],"collection":[{"href":"https:\/\/www.vreausfat.ro\/index.php?rest_route=\/wp\/v2\/pages"}],"about":[{"href":"https:\/\/www.vreausfat.ro\/index.php?rest_route=\/wp\/v2\/types\/page"}],"author":[{"embeddable":true,"href":"https:\/\/www.vreausfat.ro\/index.php?rest_route=\/wp\/v2\/users\/1"}],"replies":[{"embeddable":true,"href":"https:\/\/www.vreausfat.ro\/index.php?rest_route=%2Fwp%2Fv2%2Fcomments&post=19"}],"version-history":[{"count":33,"href":"https:\/\/www.vreausfat.ro\/index.php?rest_route=\/wp\/v2\/pages\/19\/revisions"}],"predecessor-version":[{"id":2268,"href":"https:\/\/www.vreausfat.ro\/index.php?rest_route=\/wp\/v2\/pages\/19\/revisions\/2268"}],"wp:attachment":[{"href":"https:\/\/www.vreausfat.ro\/index.php?rest_route=%2Fwp%2Fv2%2Fmedia&parent=19"}],"curies":[{"name":"wp","href":"https:\/\/api.w.org\/{rel}","templated":true}]}}